{"id":6,"date":"2021-02-02T11:08:16","date_gmt":"2021-02-02T17:08:16","guid":{"rendered":"http:\/\/palmasa.hn\/?page_id=6"},"modified":"2025-08-22T11:03:55","modified_gmt":"2025-08-22T17:03:55","slug":"nosotros","status":"publish","type":"page","link":"http:\/\/www.palmasa.hn\/en\/nosotros\/","title":{"rendered":"ABOUT US"},"content":{"rendered":"<div data-elementor-type=\"wp-page\" data-elementor-id=\"6\" class=\"elementor elementor-6\">\n\t\t\t\t\t\t<section class=\"elementor-section elementor-top-section elementor-element elementor-element-3e2c0f3 elementor-section-boxed elementor-section-height-default elementor-section-height-default wpr-particle-no wpr-jarallax-no wpr-parallax-no wpr-sticky-section-no wpr-column-slider-no wpr-equal-height-no\" data-id=\"3e2c0f3\" data-element_type=\"section\" data-e-type=\"section\">\n\t\t\t\t\t\t<div class=\"elementor-container elementor-column-gap-default\">\n\t\t\t\t\t<div class=\"elementor-column elementor-col-100 elementor-top-column elementor-element elementor-element-cf1ce26\" data-id=\"cf1ce26\" data-element_type=\"column\" data-e-type=\"column\">\n\t\t\t<div class=\"elementor-widget-wrap elementor-element-populated\">\n\t\t\t\t\t\t<div class=\"elementor-element elementor-element-ad16855 elementor-widget elementor-widget-heading\" data-id=\"ad16855\" data-element_type=\"widget\" data-e-type=\"widget\" data-widget_type=\"heading.default\">\n\t\t\t\t<div class=\"elementor-widget-container\">\n\t\t\t\t\t<h2 class=\"elementor-heading-title elementor-size-default\">OUR HISTORY<\/h2>\t\t\t\t<\/div>\n\t\t\t\t<\/div>\n\t\t\t\t<div class=\"elementor-element elementor-element-c858e21 elementor-widget elementor-widget-text-editor\" data-id=\"c858e21\" data-element_type=\"widget\" data-e-type=\"widget\" data-widget_type=\"text-editor.default\">\n\t\t\t\t<div class=\"elementor-widget-container\">\n\t\t\t\t\t\t\t\t\t<p>PALMASA (Palmeros del Aguan Sociedad An\u00f3nima) emerged between 2008 and 2009, driven by the shared vision of an initial group of 30 independent producers, backed by a supportive partner. Noticing the low returns for palm fruit sales in the country, these visionary farmers saw the need to create a company dedicated to palm oil extraction.<\/p><p>As the group of producers grew over time, their concern over low local prices led them to seek new growth opportunities. It was then that the possibility of exporting arose, particularly to the Republic of Guatemala, which offered fairer and more favorable prices. This venture marked the beginning of PALMASA, a now-recognized palm oil extraction company, initially headquartered in Sab\u00e1, Col\u00f3n, and currently based in the community of Tepic, Bonito Oriental, Col\u00f3n, Honduras, C.A.<\/p><p>Hoy en d\u00eda, PALMASA cuenta con 235 socios hondure\u00f1os que poseen alrededor de 6,900 hect\u00e1reas distribuidas en los municipios de Santa Rosa de Aguan, Lim\u00f3n, Bonito Oriental, Tocoa, Saba, Sonaguera y Trujillo. Cada socio contribuye seg\u00fan su aportaci\u00f3n y son los principales proveedores de materia prima para la planta extractora, la cual tiene una capacidad instalada de 60 toneladas m\u00e9tricas por hora. Con mejoras en el cultivo, adquisiciones a productores locales y expansiones en \u00e1reas disponibles para siembra, PALMASA produce aceite crudo, aceite de almendra y harina de coquito.<\/p>\t\t\t\t\t\t\t\t<\/div>\n\t\t\t\t<\/div>\n\t\t\t\t\t<\/div>\n\t\t<\/div>\n\t\t\t\t\t<\/div>\n\t\t<\/section>\n\t\t\t\t<section class=\"elementor-section elementor-top-section elementor-element elementor-element-09f29ba elementor-section-boxed elementor-section-height-default elementor-section-height-default wpr-particle-no wpr-jarallax-no wpr-parallax-no wpr-sticky-section-no wpr-column-slider-no wpr-equal-height-no\" data-id=\"09f29ba\" data-element_type=\"section\" data-e-type=\"section\">\n\t\t\t\t\t\t<div class=\"elementor-container elementor-column-gap-default\">\n\t\t\t\t\t<div class=\"elementor-column elementor-col-100 elementor-top-column elementor-element elementor-element-a958716\" data-id=\"a958716\" data-element_type=\"column\" data-e-type=\"column\">\n\t\t\t<div class=\"elementor-widget-wrap elementor-element-populated\">\n\t\t\t\t\t\t<div class=\"elementor-element elementor-element-3e0db8a elementor-widget elementor-widget-heading\" data-id=\"3e0db8a\" data-element_type=\"widget\" data-e-type=\"widget\" data-widget_type=\"heading.default\">\n\t\t\t\t<div class=\"elementor-widget-container\">\n\t\t\t\t\t<h2 class=\"elementor-heading-title elementor-size-default\">OUR PRODUCTS<\/h2>\t\t\t\t<\/div>\n\t\t\t\t<\/div>\n\t\t\t\t\t<\/div>\n\t\t<\/div>\n\t\t\t\t\t<\/div>\n\t\t<\/section>\n\t\t\t\t<section class=\"elementor-section elementor-top-section elementor-element elementor-element-52923e9 elementor-section-boxed elementor-section-height-default elementor-section-height-default wpr-particle-no wpr-jarallax-no wpr-parallax-no wpr-sticky-section-no wpr-column-slider-no wpr-equal-height-no\" data-id=\"52923e9\" data-element_type=\"section\" data-e-type=\"section\" data-settings=\"{&quot;background_background&quot;:&quot;classic&quot;}\">\n\t\t\t\t\t\t\t<div class=\"elementor-background-overlay\"><\/div>\n\t\t\t\t\t\t\t<div class=\"elementor-container elementor-column-gap-default\">\n\t\t\t\t\t<div class=\"elementor-column elementor-col-33 elementor-top-column elementor-element elementor-element-2cb163a\" data-id=\"2cb163a\" data-element_type=\"column\" data-e-type=\"column\">\n\t\t\t<div class=\"elementor-widget-wrap elementor-element-populated\">\n\t\t\t\t\t\t<div class=\"elementor-element elementor-element-4aa4e24 elementor-widget elementor-widget-image\" data-id=\"4aa4e24\" data-element_type=\"widget\" data-e-type=\"widget\" data-widget_type=\"image.default\">\n\t\t\t\t<div class=\"elementor-widget-container\">\n\t\t\t\t\t\t\t\t\t\t\t\t\t\t\t<img fetchpriority=\"high\" decoding=\"async\" width=\"960\" height=\"718\" src=\"https:\/\/i0.wp.com\/www.palmasa.hn\/wp-content\/uploads\/2022\/03\/IMG-20220304-WA0000.jpg?fit=960%2C718\" class=\"attachment-large size-large wp-image-2150\" alt=\"\" srcset=\"https:\/\/i0.wp.com\/www.palmasa.hn\/wp-content\/uploads\/2022\/03\/IMG-20220304-WA0000.jpg?w=1280 1280w, https:\/\/i0.wp.com\/www.palmasa.hn\/wp-content\/uploads\/2022\/03\/IMG-20220304-WA0000.jpg?resize=300%2C225 300w, https:\/\/i0.wp.com\/www.palmasa.hn\/wp-content\/uploads\/2022\/03\/IMG-20220304-WA0000.jpg?resize=1024%2C766 1024w, https:\/\/i0.wp.com\/www.palmasa.hn\/wp-content\/uploads\/2022\/03\/IMG-20220304-WA0000.jpg?resize=768%2C575 768w, https:\/\/i0.wp.com\/www.palmasa.hn\/wp-content\/uploads\/2022\/03\/IMG-20220304-WA0000.jpg?resize=1140%2C853 1140w\" sizes=\"(max-width: 960px) 100vw, 960px\" \/>\t\t\t\t\t\t\t\t\t\t\t\t\t\t\t<\/div>\n\t\t\t\t<\/div>\n\t\t\t\t<div class=\"elementor-element elementor-element-8eef71e elementor-widget elementor-widget-text-editor\" data-id=\"8eef71e\" data-element_type=\"widget\" data-e-type=\"widget\" data-widget_type=\"text-editor.default\">\n\t\t\t\t<div class=\"elementor-widget-container\">\n\t\t\t\t\t\t\t\t\t<h1 style=\"font-size: 32px; text-align: center;\">Crude Palm Oil                   (CPO)<\/h1><br>\nIt is obtained from the extraction of the African palm fruit through various processes.\n\nIt is used as a raw material for the production of culinary products, animal feed, soap, and others.\n\nPalm oil is up to 50% saturated, with an average composition of:\n\n \t<li>40\u201348% saturated fatty acids (mainly palmitic)<\/li>\n \t<li>37\u201346% monounsaturated fatty acids (mainly oleic)<\/li>\n \t<li>10% polyunsaturated fatty acids<\/li>\n\t\t\t\t\t\t\t\t<\/div>\n\t\t\t\t<\/div>\n\t\t\t\t\t<\/div>\n\t\t<\/div>\n\t\t\t\t<div class=\"elementor-column elementor-col-33 elementor-top-column elementor-element elementor-element-230b9aa\" data-id=\"230b9aa\" data-element_type=\"column\" data-e-type=\"column\">\n\t\t\t<div class=\"elementor-widget-wrap elementor-element-populated\">\n\t\t\t\t\t\t<div class=\"elementor-element elementor-element-caa971b elementor-widget elementor-widget-image\" data-id=\"caa971b\" data-element_type=\"widget\" data-e-type=\"widget\" data-widget_type=\"image.default\">\n\t\t\t\t<div class=\"elementor-widget-container\">\n\t\t\t\t\t\t\t\t\t\t\t\t\t\t\t<img decoding=\"async\" width=\"960\" height=\"720\" src=\"https:\/\/i0.wp.com\/www.palmasa.hn\/wp-content\/uploads\/2022\/03\/IMG-20220304-WA0002.jpg?fit=960%2C720\" class=\"attachment-large size-large wp-image-2151\" alt=\"\" srcset=\"https:\/\/i0.wp.com\/www.palmasa.hn\/wp-content\/uploads\/2022\/03\/IMG-20220304-WA0002.jpg?w=1280 1280w, https:\/\/i0.wp.com\/www.palmasa.hn\/wp-content\/uploads\/2022\/03\/IMG-20220304-WA0002.jpg?resize=300%2C225 300w, https:\/\/i0.wp.com\/www.palmasa.hn\/wp-content\/uploads\/2022\/03\/IMG-20220304-WA0002.jpg?resize=1024%2C768 1024w, https:\/\/i0.wp.com\/www.palmasa.hn\/wp-content\/uploads\/2022\/03\/IMG-20220304-WA0002.jpg?resize=768%2C576 768w, https:\/\/i0.wp.com\/www.palmasa.hn\/wp-content\/uploads\/2022\/03\/IMG-20220304-WA0002.jpg?resize=1140%2C855 1140w\" sizes=\"(max-width: 960px) 100vw, 960px\" \/>\t\t\t\t\t\t\t\t\t\t\t\t\t\t\t<\/div>\n\t\t\t\t<\/div>\n\t\t\t\t<div class=\"elementor-element elementor-element-d8c97ae elementor-widget elementor-widget-text-editor\" data-id=\"d8c97ae\" data-element_type=\"widget\" data-e-type=\"widget\" data-widget_type=\"text-editor.default\">\n\t\t\t\t<div class=\"elementor-widget-container\">\n\t\t\t\t\t\t\t\t\t<h1 style=\"font-size: 32px; text-align: center;\">Crude Palm Kernel Oil (PKO)<\/h1>\n<br>\nIt is obtained from the mechanical extraction of the kernel from the African palm fruit as the main product. This product is a special ally for personal care, as it is used in the production of perfumes and skin moisturizing creams.\t\t\t\t\t\t\t\t<\/div>\n\t\t\t\t<\/div>\n\t\t\t\t\t<\/div>\n\t\t<\/div>\n\t\t\t\t<div class=\"elementor-column elementor-col-33 elementor-top-column elementor-element elementor-element-b1d2f3b\" data-id=\"b1d2f3b\" data-element_type=\"column\" data-e-type=\"column\">\n\t\t\t<div class=\"elementor-widget-wrap elementor-element-populated\">\n\t\t\t\t\t\t<div class=\"elementor-element elementor-element-dd480c4 elementor-widget elementor-widget-image\" data-id=\"dd480c4\" data-element_type=\"widget\" data-e-type=\"widget\" data-widget_type=\"image.default\">\n\t\t\t\t<div class=\"elementor-widget-container\">\n\t\t\t\t\t\t\t\t\t\t\t\t\t\t\t<img decoding=\"async\" width=\"960\" height=\"718\" src=\"https:\/\/i0.wp.com\/www.palmasa.hn\/wp-content\/uploads\/2022\/03\/IMG-20220304-WA0001.jpg?fit=960%2C718\" class=\"attachment-large size-large wp-image-2152\" alt=\"\" srcset=\"https:\/\/i0.wp.com\/www.palmasa.hn\/wp-content\/uploads\/2022\/03\/IMG-20220304-WA0001.jpg?w=1280 1280w, https:\/\/i0.wp.com\/www.palmasa.hn\/wp-content\/uploads\/2022\/03\/IMG-20220304-WA0001.jpg?resize=300%2C225 300w, https:\/\/i0.wp.com\/www.palmasa.hn\/wp-content\/uploads\/2022\/03\/IMG-20220304-WA0001.jpg?resize=1024%2C766 1024w, https:\/\/i0.wp.com\/www.palmasa.hn\/wp-content\/uploads\/2022\/03\/IMG-20220304-WA0001.jpg?resize=768%2C575 768w, https:\/\/i0.wp.com\/www.palmasa.hn\/wp-content\/uploads\/2022\/03\/IMG-20220304-WA0001.jpg?resize=1140%2C853 1140w\" sizes=\"(max-width: 960px) 100vw, 960px\" \/>\t\t\t\t\t\t\t\t\t\t\t\t\t\t\t<\/div>\n\t\t\t\t<\/div>\n\t\t\t\t<div class=\"elementor-element elementor-element-42f4e25 elementor-widget elementor-widget-text-editor\" data-id=\"42f4e25\" data-element_type=\"widget\" data-e-type=\"widget\" data-widget_type=\"text-editor.default\">\n\t\t\t\t<div class=\"elementor-widget-container\">\n\t\t\t\t\t\t\t\t\t<h1 style=\"font-size: 32px; text-align: center;\">Coconut\/Palm Kernel Meal (PKM)<\/h1><br>\nByproduct obtained from the mechanical pressing of the kernels of the African palm fruit. The solid material from this physical separation is dried and packed to provide a nutritious ingredient for feed formulations. It contains between 8 and 10% fat.\n\nUses:\n\nUsed as an ingredient in animal feed (cattle, pigs, and poultry).\t\t\t\t\t\t\t\t<\/div>\n\t\t\t\t<\/div>\n\t\t\t\t\t<\/div>\n\t\t<\/div>\n\t\t\t\t\t<\/div>\n\t\t<\/section>\n\t\t\t\t<section class=\"elementor-section elementor-top-section elementor-element elementor-element-abaf00e elementor-section-boxed elementor-section-height-default elementor-section-height-default wpr-particle-no wpr-jarallax-no wpr-parallax-no wpr-sticky-section-no wpr-column-slider-no wpr-equal-height-no\" data-id=\"abaf00e\" data-element_type=\"section\" data-e-type=\"section\">\n\t\t\t\t\t\t<div class=\"elementor-container elementor-column-gap-default\">\n\t\t\t\t\t<div class=\"elementor-column elementor-col-100 elementor-top-column elementor-element elementor-element-cdcdde8\" data-id=\"cdcdde8\" data-element_type=\"column\" data-e-type=\"column\">\n\t\t\t<div class=\"elementor-widget-wrap elementor-element-populated\">\n\t\t\t\t\t\t<div class=\"elementor-element elementor-element-dcfdb29 elementor-widget elementor-widget-spacer\" data-id=\"dcfdb29\" data-element_type=\"widget\" data-e-type=\"widget\" data-widget_type=\"spacer.default\">\n\t\t\t\t<div class=\"elementor-widget-container\">\n\t\t\t\t\t\t\t<div class=\"elementor-spacer\">\n\t\t\t<div class=\"elementor-spacer-inner\"><\/div>\n\t\t<\/div>\n\t\t\t\t\t\t<\/div>\n\t\t\t\t<\/div>\n\t\t\t\t<div class=\"elementor-element elementor-element-2aa1e12 elementor-widget elementor-widget-heading\" data-id=\"2aa1e12\" data-element_type=\"widget\" data-e-type=\"widget\" data-widget_type=\"heading.default\">\n\t\t\t\t<div class=\"elementor-widget-container\">\n\t\t\t\t\t<h2 class=\"elementor-heading-title elementor-size-default\">OUR PARTNERS<\/h2>\t\t\t\t<\/div>\n\t\t\t\t<\/div>\n\t\t\t\t\t<\/div>\n\t\t<\/div>\n\t\t\t\t\t<\/div>\n\t\t<\/section>\n\t\t\t\t<section class=\"elementor-section elementor-top-section elementor-element elementor-element-e49fccc elementor-section-full_width elementor-section-height-default elementor-section-height-default wpr-particle-no wpr-jarallax-no wpr-parallax-no wpr-sticky-section-no wpr-column-slider-no wpr-equal-height-no\" data-id=\"e49fccc\" data-element_type=\"section\" data-e-type=\"section\">\n\t\t\t\t\t\t\t<div class=\"elementor-background-overlay\"><\/div>\n\t\t\t\t\t\t\t<div class=\"elementor-container elementor-column-gap-default\">\n\t\t\t\t\t<div class=\"elementor-column elementor-col-50 elementor-top-column elementor-element elementor-element-417af1a\" data-id=\"417af1a\" data-element_type=\"column\" data-e-type=\"column\">\n\t\t\t<div class=\"elementor-widget-wrap elementor-element-populated\">\n\t\t\t\t\t\t<div class=\"elementor-element elementor-element-0c9149a elementor-widget elementor-widget-text-editor\" data-id=\"0c9149a\" data-element_type=\"widget\" data-e-type=\"widget\" data-widget_type=\"text-editor.default\">\n\t\t\t\t<div class=\"elementor-widget-container\">\n\t\t\t\t\t\t\t\t\t<p>We are committed to sustainability and the development of the communities in which we operate, working together with our suppliers and stakeholders to achieve a positive social and environmental impact.<\/p>\t\t\t\t\t\t\t\t<\/div>\n\t\t\t\t<\/div>\n\t\t\t\t\t<\/div>\n\t\t<\/div>\n\t\t\t\t<div class=\"elementor-column elementor-col-50 elementor-top-column elementor-element elementor-element-8ee3a74\" data-id=\"8ee3a74\" data-element_type=\"column\" data-e-type=\"column\">\n\t\t\t<div class=\"elementor-widget-wrap elementor-element-populated\">\n\t\t\t\t\t\t<div class=\"elementor-element elementor-element-c8a52aa elementor-widget elementor-widget-counter\" data-id=\"c8a52aa\" data-element_type=\"widget\" data-e-type=\"widget\" data-widget_type=\"counter.default\">\n\t\t\t\t<div class=\"elementor-widget-container\">\n\t\t\t\t\t\t\t<div class=\"elementor-counter\">\n\t\t\t<div class=\"elementor-counter-title\">Fresh Fruit Bunch Suppliers<\/div>\t\t\t<div class=\"elementor-counter-number-wrapper\">\n\t\t\t\t<span class=\"elementor-counter-number-prefix\"><\/span>\n\t\t\t\t<span class=\"elementor-counter-number\" data-duration=\"2000\" data-to-value=\"200\" data-from-value=\"0\" data-delimiter=\",\">0<\/span>\n\t\t\t\t<span class=\"elementor-counter-number-suffix\"><\/span>\n\t\t\t<\/div>\n\t\t<\/div>\n\t\t\t\t\t\t<\/div>\n\t\t\t\t<\/div>\n\t\t\t\t<div class=\"elementor-element elementor-element-6502825 elementor-widget elementor-widget-counter\" data-id=\"6502825\" data-element_type=\"widget\" data-e-type=\"widget\" data-widget_type=\"counter.default\">\n\t\t\t\t<div class=\"elementor-widget-container\">\n\t\t\t\t\t\t\t<div class=\"elementor-counter\">\n\t\t\t<div class=\"elementor-counter-title\">ISCC and RSPO Certified Hectares<\/div>\t\t\t<div class=\"elementor-counter-number-wrapper\">\n\t\t\t\t<span class=\"elementor-counter-number-prefix\"><\/span>\n\t\t\t\t<span class=\"elementor-counter-number\" data-duration=\"2000\" data-to-value=\"4000\" data-from-value=\"0\" data-delimiter=\",\">0<\/span>\n\t\t\t\t<span class=\"elementor-counter-number-suffix\">+<\/span>\n\t\t\t<\/div>\n\t\t<\/div>\n\t\t\t\t\t\t<\/div>\n\t\t\t\t<\/div>\n\t\t\t\t<div class=\"elementor-element elementor-element-8c784ce elementor-widget elementor-widget-counter\" data-id=\"8c784ce\" data-element_type=\"widget\" data-e-type=\"widget\" data-widget_type=\"counter.default\">\n\t\t\t\t<div class=\"elementor-widget-container\">\n\t\t\t\t\t\t\t<div class=\"elementor-counter\">\n\t\t\t<div class=\"elementor-counter-title\">Non-Certified Hectares<\/div>\t\t\t<div class=\"elementor-counter-number-wrapper\">\n\t\t\t\t<span class=\"elementor-counter-number-prefix\"><\/span>\n\t\t\t\t<span class=\"elementor-counter-number\" data-duration=\"2000\" data-to-value=\"8000\" data-from-value=\"0\" data-delimiter=\",\">0<\/span>\n\t\t\t\t<span class=\"elementor-counter-number-suffix\">+<\/span>\n\t\t\t<\/div>\n\t\t<\/div>\n\t\t\t\t\t\t<\/div>\n\t\t\t\t<\/div>\n\t\t\t\t\t<\/div>\n\t\t<\/div>\n\t\t\t\t\t<\/div>\n\t\t<\/section>\n\t\t\t\t<\/div>","protected":false},"excerpt":{"rendered":"<p>NUESTRA HISTORIA PALMASA (Palmeros del Aguan Sociedad An\u00f3nima) surge entre los a\u00f1os 2008 y 2009 como respuesta al inter\u00e9s compartido de un grupo inicial de 30 productores independientes, respaldados por un socio solidario. Observando la baja compensaci\u00f3n ofrecida en el pa\u00eds por la venta de frutas de palma, estos visionarios agricultores sintieron la necesidad de establecer una empresa extractora de aceite de palma. A medida que el grupo de productores crec\u00eda con el tiempo, su desconcierto ante los bajos precios locales los llev\u00f3 a buscar nuevas oportunidades de crecimiento. Fue entonces cuando surgi\u00f3 la posibilidad de comercializar en el extranjero, especialmente en la Rep\u00fablica de Guatemala, que ofrec\u00eda precios m\u00e1s justos y favorables. Esta negociaci\u00f3n marc\u00f3 el inicio de PALMASA, una empresa extractora de aceite reconocida actualmente, con sede inicial en Sab\u00e1, departamento de Col\u00f3n, y actualmente en la comunidad de Tepic, Bonito Oriental, Col\u00f3n, Honduras, C.A. Hoy en d\u00eda, PALMASA cuenta con 235 socios hondure\u00f1os que poseen alrededor de 6,900 hect\u00e1reas distribuidas en los municipios de Santa Rosa de Aguan, Lim\u00f3n, Bonito Oriental, Tocoa, Saba, Sonaguera y Trujillo. Cada socio contribuye seg\u00fan su aportaci\u00f3n y son los principales proveedores de materia prima para la planta extractora, la cual tiene una capacidad instalada de 60 toneladas m\u00e9tricas por hora. Con mejoras en el cultivo, adquisiciones a productores locales y expansiones en \u00e1reas disponibles para siembra, PALMASA produce aceite crudo, aceite de almendra y harina de coquito. NUESTROS PRODUCTOS Aceite Crudo de Palma (CPO) Se obtiene de la extracci\u00f3n de fruta de la palma africana mediante varias operaciones. Se usa como materia prima para elaborar productos de uso culinario, comida de animales, jab\u00f3n y otros. El aceite de palma es saturado hasta en un 50%, su composici\u00f3n en promedio es: 40-48% \u00e1cidos grasos saturados (principalmente palm\u00edtico) 37-46% \u00e1cidos grasos monoinsaturados (principalmente oleico) 10% \u00e1cidos grasos poliinsaturados. Aceite Crudo de Almendra (PKO) Es obtenido de la extracci\u00f3n mec\u00e1nica de la almendra del fruto de palma africana como producto principal. Este producto es un aliado especial para lucir bien, ya que se utiliza en la producci\u00f3n de perfumer\u00eda y cremas hidratantes para la piel. Harina de Coquito o Palmiste (PKM) Subproducto que se obtiene del proceso de prensado mec\u00e1nico efectuado a las almendras del fruto de la palma africana. El material s\u00f3lido de esta separaci\u00f3n f\u00edsica se seca y se empaca, para proporcionar un nutritivo ingrediente en la formulaci\u00f3n de concentrados. Contiene entre 8 y 10% de grasa. Usos: Es utilizada como ingrediente en la dieta animal (ganado bovino, porcino y av\u00edcola). NUESTROS SOCIOS Estamos comprometidos con la sostenibilidad y el desarrollo de las comunidades en las que operamos, trabajando en conjunto con nuestros proveedores y grupos de inter\u00e9s para lograr un impacto beneficioso a nivel social y ambiental. Proveedores de Racimos de Fruta Fresca 0 Hectareas Certificadas ISCC 0 + Hectareas no Certificadas 0 +<\/p>","protected":false},"author":1,"featured_media":0,"parent":0,"menu_order":0,"comment_status":"closed","ping_status":"closed","template":"elementor_header_footer","meta":{"footnotes":""},"class_list":["post-6","page","type-page","status-publish","hentry"],"acf":[],"jetpack_sharing_enabled":true,"_links":{"self":[{"href":"http:\/\/www.palmasa.hn\/en\/wp-json\/wp\/v2\/pages\/6","targetHints":{"allow":["GET"]}}],"collection":[{"href":"http:\/\/www.palmasa.hn\/en\/wp-json\/wp\/v2\/pages"}],"about":[{"href":"http:\/\/www.palmasa.hn\/en\/wp-json\/wp\/v2\/types\/page"}],"author":[{"embeddable":true,"href":"http:\/\/www.palmasa.hn\/en\/wp-json\/wp\/v2\/users\/1"}],"replies":[{"embeddable":true,"href":"http:\/\/www.palmasa.hn\/en\/wp-json\/wp\/v2\/comments?post=6"}],"version-history":[{"count":12,"href":"http:\/\/www.palmasa.hn\/en\/wp-json\/wp\/v2\/pages\/6\/revisions"}],"predecessor-version":[{"id":5096,"href":"http:\/\/www.palmasa.hn\/en\/wp-json\/wp\/v2\/pages\/6\/revisions\/5096"}],"wp:attachment":[{"href":"http:\/\/www.palmasa.hn\/en\/wp-json\/wp\/v2\/media?parent=6"}],"curies":[{"name":"wp","href":"https:\/\/api.w.org\/{rel}","templated":true}]}}